{"id":8825,"date":"2023-07-29T03:49:05","date_gmt":"2023-07-29T01:49:05","guid":{"rendered":"https:\/\/www.qvantumhealth.com\/?page_id=8825"},"modified":"2023-08-06T03:54:36","modified_gmt":"2023-08-06T01:54:36","slug":"faq","status":"publish","type":"page","link":"https:\/\/www.qvantumhealth.com\/es\/faq\/","title":{"rendered":"Preguntas Frecuentes"},"content":{"rendered":"<div data-elementor-type=\"wp-page\" data-elementor-id=\"8825\" class=\"elementor elementor-8825\" data-elementor-post-type=\"page\">\n\t\t\t\t\t\t<section class=\"elementor-section elementor-top-section elementor-element elementor-element-76a33036 elementor-section-boxed elementor-section-height-default elementor-section-height-default\" data-id=\"76a33036\" data-element_type=\"section\" data-e-type=\"section\" id=\"faq\" data-settings=\"{&quot;background_background&quot;:&quot;classic&quot;}\">\n\t\t\t\t\t\t\t<div class=\"elementor-background-overlay\"><\/div>\n\t\t\t\t\t\t\t<div class=\"elementor-container elementor-column-gap-wider\">\n\t\t\t\t\t<div class=\"elementor-column elementor-col-100 elementor-top-column elementor-element elementor-element-2904a0ac\" data-id=\"2904a0ac\" data-element_type=\"column\" data-e-type=\"column\">\n\t\t\t<div class=\"elementor-widget-wrap elementor-element-populated\">\n\t\t\t\t\t\t<div class=\"elementor-element elementor-element-15ae300e elementor-widget__width-initial elementor-widget elementor-widget-the7-accordion\" data-id=\"15ae300e\" data-element_type=\"widget\" data-e-type=\"widget\" data-widget_type=\"the7-accordion.default\">\n\t\t\t\t<div class=\"elementor-widget-container\">\n\t\t\t\t\t\t\t<div class=\"elementor-accordion the7-adv-accordion ac_bb_active_title ac_top_bottom_borders ac_left_right_borders\" data-accordion-type=\"accordion\" role=\"tablist\">\n\t\t\t\t\t\t\t<div class=\"elementor-accordion-item\">\n\t\t\t\t\t<h5 id=\"elementor-tab-title-3631\" class=\"elementor-tab-title the7-accordion-header deactive-default\" data-tab=\"1\" role=\"tab\" aria-controls=\"elementor-tab-content-3631\">\n\n\t\t\t\t\t\t\t\t\t\t\t\t\t<span class=\"elementor-accordion-icon elementor-accordion-icon-right\" aria-hidden=\"true\">\n\t\t\t\t\t\t\t\t\t\t\t\t\t\t\t<span class=\"elementor-accordion-icon-closed\"><svg xmlns=\"http:\/\/www.w3.org\/2000\/svg\" viewbox=\"0 0 24 24\" width=\"24\" height=\"24\"><path fill=\"none\" d=\"M0 0h24v24H0z\"><\/path><path d=\"M12 13.172l4.95-4.95 1.414 1.414L12 16 5.636 9.636 7.05 8.222z\"><\/path><\/svg><\/span>\n\t\t\t\t\t\t\t\t\t\t\t\t\t\t\t\t\t<span class=\"elementor-accordion-icon-opened\"><svg xmlns=\"http:\/\/www.w3.org\/2000\/svg\" viewbox=\"0 0 24 24\" width=\"24\" height=\"24\"><path fill=\"none\" d=\"M0 0h24v24H0z\"><\/path><path d=\"M12 10.828l-4.95 4.95-1.414-1.414L12 8l6.364 6.364-1.414 1.414z\"><\/path><\/svg><\/span>\n\t\t\t\t\t\t\t\t\t\t\t\t\t\t\t\t\t\t\t\t\t\t<\/span>\n\t\t\t\t\t\t\t\t\t\t\t\t\t\t\t\t\t\t<a class=\"elementor-accordion-title\" href=\"\">\u00bfCu\u00e1nto tiempo lleva ver los resultados de los productos Qvantum Health?<\/a>\n\t\t\t\t\t<\/h5>\n\t\t\t\t\t<div id=\"elementor-tab-content-3631\" class=\"elementor-tab-content elementor-clearfix deactive-default\" data-tab=\"1\" role=\"tabpanel\" aria-labelledby=\"elementor-tab-title-3631\"><p>La l\u00ednea de tiempo para experimentar los resultados puede variar seg\u00fan los factores individuales y el uso espec\u00edfico del producto. Sin embargo, muchos clientes informan haber notado cambios positivos dentro de unas pocas semanas de uso constante. Para obtener resultados \u00f3ptimos, recomendamos seguir la dosis recomendada y las instrucciones de uso proporcionadas con cada producto.<\/p><\/div>\n\t\t\t\t<\/div>\n\t\t\t\t\t\t\t<div class=\"elementor-accordion-item\">\n\t\t\t\t\t<h5 id=\"elementor-tab-title-3632\" class=\"elementor-tab-title the7-accordion-header\" data-tab=\"2\" role=\"tab\" aria-controls=\"elementor-tab-content-3632\">\n\n\t\t\t\t\t\t\t\t\t\t\t\t\t<span class=\"elementor-accordion-icon elementor-accordion-icon-right\" aria-hidden=\"true\">\n\t\t\t\t\t\t\t\t\t\t\t\t\t\t\t<span class=\"elementor-accordion-icon-closed\"><svg xmlns=\"http:\/\/www.w3.org\/2000\/svg\" viewbox=\"0 0 24 24\" width=\"24\" height=\"24\"><path fill=\"none\" d=\"M0 0h24v24H0z\"><\/path><path d=\"M12 13.172l4.95-4.95 1.414 1.414L12 16 5.636 9.636 7.05 8.222z\"><\/path><\/svg><\/span>\n\t\t\t\t\t\t\t\t\t\t\t\t\t\t\t\t\t<span class=\"elementor-accordion-icon-opened\"><svg xmlns=\"http:\/\/www.w3.org\/2000\/svg\" viewbox=\"0 0 24 24\" width=\"24\" height=\"24\"><path fill=\"none\" d=\"M0 0h24v24H0z\"><\/path><path d=\"M12 10.828l-4.95 4.95-1.414-1.414L12 8l6.364 6.364-1.414 1.414z\"><\/path><\/svg><\/span>\n\t\t\t\t\t\t\t\t\t\t\t\t\t\t\t\t\t\t\t\t\t\t<\/span>\n\t\t\t\t\t\t\t\t\t\t\t\t\t\t\t\t\t\t<a class=\"elementor-accordion-title\" href=\"\">\u00bfLos productos Qvantum Health son aptos para veganos o vegetarianos?<\/a>\n\t\t\t\t\t<\/h5>\n\t\t\t\t\t<div id=\"elementor-tab-content-3632\" class=\"elementor-tab-content elementor-clearfix\" data-tab=\"2\" role=\"tabpanel\" aria-labelledby=\"elementor-tab-title-3632\"><p>S\u00ed, todos nuestros productos son veganos y sin gluten.<\/p><\/div>\n\t\t\t\t<\/div>\n\t\t\t\t\t<\/div>\n\t\t\t\t\t\t<\/div>\n\t\t\t\t<\/div>\n\t\t\t\t\t<\/div>\n\t\t<\/div>\n\t\t\t\t\t<\/div>\n\t\t<\/section>\n\t\t\t\t<\/div>","protected":false},"excerpt":{"rendered":"<p>\u00bfCu\u00e1nto tiempo se tarda en ver resultados con los productos Qvantum Health? El tiempo para obtener resultados puede variar seg\u00fan factores individuales y el uso espec\u00edfico del producto. Sin embargo, muchos clientes informan haber notado cambios positivos en pocas semanas de uso constante. Para obtener resultados \u00f3ptimos, recomendamos seguir la dosis recomendada y las instrucciones de uso que se incluyen con\u2026<\/p>","protected":false},"author":1,"featured_media":0,"parent":0,"menu_order":0,"comment_status":"closed","ping_status":"closed","template":"","meta":{"inline_featured_image":false,"footnotes":""},"class_list":["post-8825","page","type-page","status-publish","hentry"],"_links":{"self":[{"href":"https:\/\/www.qvantumhealth.com\/es\/wp-json\/wp\/v2\/pages\/8825","targetHints":{"allow":["GET"]}}],"collection":[{"href":"https:\/\/www.qvantumhealth.com\/es\/wp-json\/wp\/v2\/pages"}],"about":[{"href":"https:\/\/www.qvantumhealth.com\/es\/wp-json\/wp\/v2\/types\/page"}],"author":[{"embeddable":true,"href":"https:\/\/www.qvantumhealth.com\/es\/wp-json\/wp\/v2\/users\/1"}],"replies":[{"embeddable":true,"href":"https:\/\/www.qvantumhealth.com\/es\/wp-json\/wp\/v2\/comments?post=8825"}],"version-history":[{"count":0,"href":"https:\/\/www.qvantumhealth.com\/es\/wp-json\/wp\/v2\/pages\/8825\/revisions"}],"wp:attachment":[{"href":"https:\/\/www.qvantumhealth.com\/es\/wp-json\/wp\/v2\/media?parent=8825"}],"curies":[{"name":"wp","href":"https:\/\/api.w.org\/{rel}","templated":true}]}}