{"id":8477,"date":"2023-07-22T23:16:19","date_gmt":"2023-07-22T23:16:19","guid":{"rendered":"https:\/\/www.qvantumhealth.com\/?page_id=8477"},"modified":"2023-08-06T03:54:27","modified_gmt":"2023-08-06T01:54:27","slug":"disclaimer","status":"publish","type":"page","link":"https:\/\/www.qvantumhealth.com\/es\/disclaimer\/","title":{"rendered":"Descargo de responsabilidad"},"content":{"rendered":"<div data-elementor-type=\"wp-page\" data-elementor-id=\"8477\" class=\"elementor elementor-8477\" data-elementor-post-type=\"page\">\n\t\t\t\t\t\t<section class=\"elementor-section elementor-top-section elementor-element elementor-element-10d082c elementor-section-boxed elementor-section-height-default elementor-section-height-default\" data-id=\"10d082c\" data-element_type=\"section\" data-e-type=\"section\">\n\t\t\t\t\t\t<div class=\"elementor-container elementor-column-gap-default\">\n\t\t\t\t\t<div class=\"elementor-column elementor-col-100 elementor-top-column elementor-element elementor-element-2ca6cf8\" data-id=\"2ca6cf8\" data-element_type=\"column\" data-e-type=\"column\">\n\t\t\t<div class=\"elementor-widget-wrap elementor-element-populated\">\n\t\t\t\t\t\t<div class=\"elementor-element elementor-element-951c477 elementor-widget elementor-widget-text-editor\" data-id=\"951c477\" data-element_type=\"widget\" data-e-type=\"widget\" data-widget_type=\"text-editor.default\">\n\t\t\t\t<div class=\"elementor-widget-container\">\n\t\t\t\t\t\t\t\t\t<p>La informaci\u00f3n proporcionada en este sitio web (<a href=\"https:\/\/www.qvantumhealth.com\/es\/\" target=\"_new\">https:\/\/www.qvantumhealth.com\/<\/a>) es solo para fines informativos generales. Si bien nos esforzamos por mantener la informaci\u00f3n actualizada y precisa, no hacemos representaciones ni garant\u00edas de ning\u00fan tipo, expresas o impl\u00edcitas, sobre la integridad, precisi\u00f3n, confiabilidad, idoneidad o disponibilidad del sitio web o la informaci\u00f3n, productos, servicios, o gr\u00e1ficos relacionados contenidos en el sitio web para cualquier prop\u00f3sito. Por lo tanto, cualquier confianza que deposite en dicha informaci\u00f3n es estrictamente bajo su propio riesgo.<\/p><p>Este comerciante se compromete a no permitir ninguna transacci\u00f3n que sea ilegal, o se considere por las marcas de tarjetas de cr\u00e9dito o el banco adquiriente, que pueda o tenga el potencial de da\u00f1ar la buena voluntad de los mismos o influir de manera negativa en ellos. Las siguientes actividades est\u00e1n prohibidas en virtud de los programas de las marcas de tarjetas: la venta u oferta de un producto o servicio que no sea de plena conformidad con todas las leyes aplicables al Comprador, Banco Emisor, Comerciante, Titular de la tarjeta, o tarjetas.Adem\u00e1s, las siguientes actividades tambi\u00e9n est\u00e1n prohibidas expl\u00edcitamente: Vender medicamentos.<\/p><h4><strong>Descargo de responsabilidad m\u00e9dica<\/strong><\/h4><p>Los productos y la informaci\u00f3n proporcionada en este sitio web no est\u00e1n destinados a diagnosticar, tratar, curar o prevenir ninguna enfermedad. El contenido de este sitio no pretende ser un sustituto del consejo, diagn\u00f3stico o tratamiento m\u00e9dico profesional. Siempre busque el consejo de su m\u00e9dico u otro proveedor de salud calificado con cualquier pregunta que pueda tener con respecto a una condici\u00f3n m\u00e9dica. Nunca ignore el consejo m\u00e9dico profesional ni se demore en buscarlo por algo que haya le\u00eddo en este sitio web.<\/p><h4><strong>Descargo de responsabilidad del producto<\/strong><\/h4><p>Qvantum Health ofrece una gama de productos, incluidos Trans-resveratrol y NMN (mononucle\u00f3tido de nicotinamida). El trans-resveratrol es un suplemento diet\u00e9tico que se usa com\u00fanmente para el consumo humano y generalmente se considera seguro para la mayor\u00eda de las personas cuando se toma en las dosis recomendadas. Sin embargo, siempre es recomendable seguir las instrucciones del fabricante y consultar con un profesional de la salud antes de comenzar cualquier nuevo suplemento diet\u00e9tico.<\/p><p>Por otro lado, es importante se\u00f1alar que NMN es un producto qu\u00edmico no apto para el consumo humano, seg\u00fan la legislaci\u00f3n alemana y europea. La NMN est\u00e1 estrictamente dise\u00f1ada para investigaci\u00f3n o uso de laboratorio \u00fanicamente y no debe ser ingerida por humanos.<\/p><h4><strong>Descargo de responsabilidad de enlaces externos<\/strong><\/h4><p>Este sitio web puede contener enlaces a sitios web externos que no est\u00e1n bajo el control de Qvantum Health. No tenemos control sobre la naturaleza, el contenido y la disponibilidad de esos sitios. La inclusi\u00f3n de cualquier enlace no implica necesariamente una recomendaci\u00f3n o aprobaci\u00f3n de las opiniones expresadas en ellos.<\/p><h4><strong>Testimonios y Rese\u00f1as<\/strong><\/h4><p>Los testimonios y rese\u00f1as que aparecen en este sitio web representan experiencias y opiniones individuales. Los resultados pueden variar de una persona a otra, y Qvantum Health no afirma que se lograr\u00e1n resultados similares con el uso de nuestros productos.<\/p><h4><strong>Descargo de responsabilidad de derechos de autor<\/strong><\/h4><p>Todo el contenido y las im\u00e1genes de este sitio web son propiedad de Qvantum Health o se usan bajo licencia. El uso no autorizado o la reproducci\u00f3n de cualquier contenido o im\u00e1genes sin permiso previo por escrito est\u00e1 estrictamente prohibido.<\/p><h4><strong>Cambios en el descargo de responsabilidad<\/strong><\/h4><p>Qvantum Health se reserva el derecho de modificar o enmendar este descargo de responsabilidad en cualquier momento sin previo aviso. Al utilizar este sitio web, usted acepta la versi\u00f3n actual del descargo de responsabilidad.<\/p><p>Tenga en cuenta que este es un descargo de responsabilidad revisado que distingue claramente entre productos destinados al consumo humano y aquellos que no son aptos para el consumo humano. Como siempre, es recomendable buscar asesor\u00eda legal para asegurarse de que su descargo de responsabilidad cumpla con las leyes y regulaciones aplicables en su jurisdicci\u00f3n.<\/p>\t\t\t\t\t\t\t\t<\/div>\n\t\t\t\t<\/div>\n\t\t\t\t\t<\/div>\n\t\t<\/div>\n\t\t\t\t\t<\/div>\n\t\t<\/section>\n\t\t\t\t<\/div>","protected":false},"excerpt":{"rendered":"<p>La informaci\u00f3n proporcionada en este sitio web (https:\/\/www.qvantumhealth.com\/) es solo para fines informativos generales. Si bien nos esforzamos por mantener la informaci\u00f3n actualizada y precisa, no ofrecemos ninguna garant\u00eda, expresa o impl\u00edcita, sobre la integridad, exactitud, fiabilidad, idoneidad o disponibilidad del sitio web ni de la informaci\u00f3n, los productos, los servicios o los gr\u00e1ficos relacionados que contiene.<\/p>","protected":false},"author":1,"featured_media":0,"parent":0,"menu_order":0,"comment_status":"closed","ping_status":"closed","template":"","meta":{"inline_featured_image":false,"footnotes":""},"class_list":["post-8477","page","type-page","status-publish","hentry"],"_links":{"self":[{"href":"https:\/\/www.qvantumhealth.com\/es\/wp-json\/wp\/v2\/pages\/8477","targetHints":{"allow":["GET"]}}],"collection":[{"href":"https:\/\/www.qvantumhealth.com\/es\/wp-json\/wp\/v2\/pages"}],"about":[{"href":"https:\/\/www.qvantumhealth.com\/es\/wp-json\/wp\/v2\/types\/page"}],"author":[{"embeddable":true,"href":"https:\/\/www.qvantumhealth.com\/es\/wp-json\/wp\/v2\/users\/1"}],"replies":[{"embeddable":true,"href":"https:\/\/www.qvantumhealth.com\/es\/wp-json\/wp\/v2\/comments?post=8477"}],"version-history":[{"count":0,"href":"https:\/\/www.qvantumhealth.com\/es\/wp-json\/wp\/v2\/pages\/8477\/revisions"}],"wp:attachment":[{"href":"https:\/\/www.qvantumhealth.com\/es\/wp-json\/wp\/v2\/media?parent=8477"}],"curies":[{"name":"wp","href":"https:\/\/api.w.org\/{rel}","templated":true}]}}