{"id":2385,"date":"2020-09-27T15:07:34","date_gmt":"2020-09-27T15:07:34","guid":{"rendered":"https:\/\/the7.io\/elementor-agency\/?page_id=2385"},"modified":"2025-10-08T00:00:59","modified_gmt":"2025-10-07T22:00:59","slug":"terms-and-conditions","status":"publish","type":"page","link":"https:\/\/www.qvantumhealth.com\/es\/terms-and-conditions\/","title":{"rendered":"T\u00e9rminos y condiciones de compra"},"content":{"rendered":"<div data-elementor-type=\"wp-page\" data-elementor-id=\"2385\" class=\"elementor elementor-2385\" data-elementor-post-type=\"page\">\n\t\t\t\t\t\t<section class=\"elementor-section elementor-top-section elementor-element elementor-element-0f4a400 qh-terms elementor-section-boxed elementor-section-height-default elementor-section-height-default\" data-id=\"0f4a400\" data-element_type=\"section\" data-e-type=\"section\">\n\t\t\t\t\t\t<div class=\"elementor-container elementor-column-gap-wider\">\n\t\t\t\t\t<div class=\"elementor-column elementor-col-100 elementor-top-column elementor-element elementor-element-b0c11ed\" data-id=\"b0c11ed\" data-element_type=\"column\" data-e-type=\"column\">\n\t\t\t<div class=\"elementor-widget-wrap elementor-element-populated\">\n\t\t\t\t\t\t<div class=\"elementor-element elementor-element-b092721 elementor-widget elementor-widget-text-editor\" data-id=\"b092721\" data-element_type=\"widget\" data-e-type=\"widget\" data-widget_type=\"text-editor.default\">\n\t\t\t\t<div class=\"elementor-widget-container\">\n\t\t\t\t\t\t\t\t\t<h4>T\u00e9rminos y condiciones para la compra de productos de Qvantum Health<\/h4><h5>1. Introducci\u00f3n<\/h5><p>Bienvenido a Qvantum Salud. Estos T\u00e9rminos y condiciones rigen el uso de nuestro sitio web (https:\/\/www.qvantumhealth.com) y la compra de productos de nuestra tienda en l\u00ednea. Al realizar un pedido en nuestro sitio web, usted acepta estar sujeto a estos T\u00e9rminos y condiciones. L\u00e9alos atentamente antes de realizar una compra.<\/p><h5>2. Informaci\u00f3n del producto<\/h5><p>2.1. Qvantum Health ofrece una gama de productos, incluidos NMN (mononucle\u00f3tido de nicotinamida), resveratrol y TMG (trimetilglicina). Es fundamental tener en cuenta que NMN (Nicotinamida Mononucle\u00f3tido) es un producto qu\u00edmico no apto para el consumo humano, seg\u00fan la legislaci\u00f3n alemana y europea. Puede encontrar informaci\u00f3n detallada sobre la seguridad y el manejo adecuado de NMN en el<a href=\"https:\/\/www.qvantumhealth.com\/wp-content\/uploads\/2023\/07\/MSDS-NMN.pdf\" target=\"_blank\" rel=\"noopener\"> ficha de datos de seguridad<\/a> proporcionada en nuestro sitio web.<\/p><p>2.2. Hacemos todos los esfuerzos razonables para garantizar que la informaci\u00f3n del producto, incluidas las descripciones, los precios y la disponibilidad, sea precisa y est\u00e9 actualizada. Sin embargo, no garantizamos que el contenido de nuestro sitio web est\u00e9 libre de errores, completo o actualizado.<\/p><h5>3. Restricci\u00f3n de edad<\/h5><p>Al realizar una compra en el sitio web de Qvantum Health, usted confirma que es mayor de edad en su jurisdicci\u00f3n para comprar los productos ofrecidos. Si es menor de edad, debe obtener el permiso de sus padres o tutores antes de realizar un pedido.<\/p><h5>4. Aceptaci\u00f3n de pedidos<\/h5><p>4.1. Todos los pedidos realizados a trav\u00e9s del sitio web de Qvantum Health est\u00e1n sujetos a nuestra aceptaci\u00f3n. Nos reservamos el derecho de rechazar o cancelar cualquier pedido por cualquier motivo, incluidos, entre otros, la falta de disponibilidad del producto, inexactitudes en la informaci\u00f3n del producto o sospecha de actividad no autorizada o fraudulenta.<br \/>4.2. En caso de que cancelemos su pedido despu\u00e9s de que se haya realizado el pago, se lo notificaremos y emitiremos un reembolso completo utilizando el mismo m\u00e9todo de pago utilizado para la transacci\u00f3n original.<\/p><h5>5. Precios y pago<\/h5><p>5.1. Todos los precios que figuran en nuestro sitio web son en euros e incluyen los impuestos aplicables, a menos que se indique lo contrario.<br \/>5.2. Qvantum Health acepta varios m\u00e9todos de pago, incluidas tarjetas de cr\u00e9dito\/d\u00e9bito, bizum y transferencia bancaria directa. Al proporcionar su informaci\u00f3n de pago, garantiza que est\u00e1 autorizado a utilizar el m\u00e9todo de pago seleccionado.<\/p><h5>6. suscripciones<\/h5><p>6.1. Las suscripciones vienen con un descuento de por vida de 3.69% Tesla. Se puede suscribir cualquier producto de la tienda. Las suscripciones se pueden cancelar en cualquier momento. Las renovaciones son autom\u00e1ticas a menos que se cancelen. Los pagos se procesan al comienzo de cada per\u00edodo de suscripci\u00f3n.<\/p><h5>7. Env\u00edo y entrega<\/h5><p>7.1. Por el momento, Qvantum Health s\u00f3lo env\u00eda productos a direcciones dentro de Europa. Los tiempos y costos de entrega pueden variar seg\u00fan el destino y el m\u00e9todo de env\u00edo elegido.<br \/>7.2. El riesgo de p\u00e9rdida y el t\u00edtulo de los productos pedidos pasan a usted en el momento de nuestra entrega al transportista. No somos responsables de ning\u00fan retraso o da\u00f1o que ocurra durante el env\u00edo y manipulaci\u00f3n.<br \/>7.3 Es importante tener en cuenta que, para realizar compras en l\u00ednea, es necesario compartir cierta informaci\u00f3n con el distribuidor y las empresas de transporte. En este caso, el distribuidor responsable del almacenamiento, la recepci\u00f3n de los pedidos y la realizaci\u00f3n de los env\u00edos es Lufapak GmbH, con domicilio en Carl-Borgward-Stra\u00dfe 20, D-56566 Neuwied, Alemania. Al realizar una compra, usted acepta que ciertos datos personales necesarios para el proceso de entrega, como su nombre, direcci\u00f3n y n\u00famero de tel\u00e9fono, se compartan con Lufapak GmbH y las empresas de transporte para facilitar la entrega de los productos adquiridos.<\/p><h5>8. Devoluciones y reembolsos<\/h5><p>8.1. Nos esforzamos por garantizar que nuestros productos cumplan con est\u00e1ndares de alta calidad. Si recibe un art\u00edculo da\u00f1ado o incorrecto, comun\u00edquese con nuestro equipo de atenci\u00f3n al cliente dentro de los 7 d\u00edas posteriores a la recepci\u00f3n del producto.<br \/>8.2. Los reembolsos se procesar\u00e1n una vez que se inspeccione el producto devuelto y el reembolso se emitir\u00e1 utilizando el mismo m\u00e9todo de pago que se utiliz\u00f3 originalmente para la compra.<\/p><h5>9. Propiedad intelectual<\/h5><p>9.1. Todo el contenido del sitio web de Qvantum Health, incluidos, entre otros, textos, im\u00e1genes, logotipos y gr\u00e1ficos, es propiedad de Qvantum Health, SL, y est\u00e1 protegido por las leyes de propiedad intelectual.<br \/>9.2. No puede utilizar, reproducir, distribuir ni modificar ning\u00fan contenido de nuestro sitio web sin el consentimiento previo por escrito de Qvantum Health.<\/p><h5>10. Pol\u00edtica de privacidad<\/h5><p>10.1. Qvantum Health valora su privacidad y protege su informaci\u00f3n personal. Consulte nuestra Pol\u00edtica de privacidad para obtener informaci\u00f3n detallada sobre c\u00f3mo recopilamos, utilizamos y divulgamos sus datos.<\/p><h5>11. Ley aplicable<\/h5><p>11.1. Estos T\u00e9rminos y Condiciones se regir\u00e1n e interpretar\u00e1n de conformidad con las leyes de Espa\u00f1a.<\/p><h5>12. Informaci\u00f3n de contacto<\/h5><p>Si tiene alguna pregunta o inquietud con respecto a estos T\u00e9rminos y condiciones o su pedido, comun\u00edquese con nuestro equipo de atenci\u00f3n al cliente en nuestro <a href=\"https:\/\/www.qvantumhealth.com\/es\/contact\/\">pagina de contacto<\/a>.<\/p><hr \/><p>Qvantum Salud, SL<br \/>Calle Passatge Particular Guillem de Torrella, n\u00ba 1, 1\u00ba E, despacho n\u00ba 1<br \/>07002 Palma (Islas Baleares), Espa\u00f1a.<br \/>Espa\u00f1a.<\/p><hr \/><p>\u00daltima actualizaci\u00f3n: 07\/10\/25<\/p>\t\t\t\t\t\t\t\t<\/div>\n\t\t\t\t<\/div>\n\t\t\t\t\t<\/div>\n\t\t<\/div>\n\t\t\t\t\t<\/div>\n\t\t<\/section>\n\t\t\t\t<\/div>","protected":false},"excerpt":{"rendered":"<p>T\u00e9rminos y Condiciones para la Compra de Productos de Qvantum Health 1. Introducci\u00f3n Bienvenido a Qvantum Health. Estos T\u00e9rminos y Condiciones rigen el uso de nuestro sitio web (https:\/\/www.qvantumhealth.com) y la compra de productos en nuestra tienda en l\u00ednea. Al realizar un pedido en nuestro sitio web, usted acepta estos T\u00e9rminos y Condiciones. Por favor, l\u00e9alos\u2026<\/p>","protected":false},"author":1,"featured_media":0,"parent":0,"menu_order":910,"comment_status":"closed","ping_status":"closed","template":"","meta":{"inline_featured_image":false,"footnotes":""},"class_list":["post-2385","page","type-page","status-publish","hentry"],"_links":{"self":[{"href":"https:\/\/www.qvantumhealth.com\/es\/wp-json\/wp\/v2\/pages\/2385","targetHints":{"allow":["GET"]}}],"collection":[{"href":"https:\/\/www.qvantumhealth.com\/es\/wp-json\/wp\/v2\/pages"}],"about":[{"href":"https:\/\/www.qvantumhealth.com\/es\/wp-json\/wp\/v2\/types\/page"}],"author":[{"embeddable":true,"href":"https:\/\/www.qvantumhealth.com\/es\/wp-json\/wp\/v2\/users\/1"}],"replies":[{"embeddable":true,"href":"https:\/\/www.qvantumhealth.com\/es\/wp-json\/wp\/v2\/comments?post=2385"}],"version-history":[{"count":41,"href":"https:\/\/www.qvantumhealth.com\/es\/wp-json\/wp\/v2\/pages\/2385\/revisions"}],"predecessor-version":[{"id":12413,"href":"https:\/\/www.qvantumhealth.com\/es\/wp-json\/wp\/v2\/pages\/2385\/revisions\/12413"}],"wp:attachment":[{"href":"https:\/\/www.qvantumhealth.com\/es\/wp-json\/wp\/v2\/media?parent=2385"}],"curies":[{"name":"wp","href":"https:\/\/api.w.org\/{rel}","templated":true}]}}