{"id":2383,"date":"2020-09-27T15:07:05","date_gmt":"2020-09-27T15:07:05","guid":{"rendered":"https:\/\/the7.io\/elementor-agency\/?page_id=2383"},"modified":"2023-09-25T22:30:19","modified_gmt":"2023-09-25T20:30:19","slug":"privacy-policy","status":"publish","type":"page","link":"https:\/\/www.qvantumhealth.com\/es\/privacy-policy\/","title":{"rendered":"pol\u00edtica de privacidad"},"content":{"rendered":"<div data-elementor-type=\"wp-page\" data-elementor-id=\"2383\" class=\"elementor elementor-2383\" data-elementor-post-type=\"page\">\n\t\t\t\t\t\t<section class=\"elementor-section elementor-top-section elementor-element elementor-element-eff0e47 elementor-section-boxed elementor-section-height-default elementor-section-height-default\" data-id=\"eff0e47\" data-element_type=\"section\" data-e-type=\"section\">\n\t\t\t\t\t\t<div class=\"elementor-container elementor-column-gap-wider\">\n\t\t\t\t\t<div class=\"elementor-column elementor-col-100 elementor-top-column elementor-element elementor-element-30f47e7\" data-id=\"30f47e7\" data-element_type=\"column\" data-e-type=\"column\">\n\t\t\t<div class=\"elementor-widget-wrap elementor-element-populated\">\n\t\t\t\t\t\t<div class=\"elementor-element elementor-element-ec751e6 elementor-widget elementor-widget-text-editor\" data-id=\"ec751e6\" data-element_type=\"widget\" data-e-type=\"widget\" data-widget_type=\"text-editor.default\">\n\t\t\t\t<div class=\"elementor-widget-container\">\n\t\t\t\t\t\t\t\t\t<h2>Pol\u00edtica de privacidad de Qvantum Health<\/h2><p>En Qvantum Health, nos tomamos muy en serio la privacidad de nuestros usuarios. Esta Pol\u00edtica de privacidad describe c\u00f3mo Qvantum Health, SL (en lo sucesivo, &quot;Qvantum Health&quot; o &quot;nosotros&quot;) recopila, utiliza y protege la informaci\u00f3n personal que recopilamos a trav\u00e9s de nuestro sitio web. <a href=\"https:\/\/www.qvantumhealth.com\/es\/\">https:\/\/www.qvantumhealth.com\/<\/a>.<\/p><h3>Recopilaci\u00f3n de informaci\u00f3n personal<\/h3><p>Qvantum Health recopila informaci\u00f3n personal a trav\u00e9s del formulario de contacto y el proceso de pago en nuestro sitio web. La informaci\u00f3n que recopilamos incluye su nombre, direcci\u00f3n de correo electr\u00f3nico, n\u00famero de tel\u00e9fono, direcci\u00f3n y cualquier otro detalle que proporcione en el formulario. Adem\u00e1s, utilizamos herramientas como Tag Manager y Google Analytics para recopilar datos estad\u00edsticos sobre el uso de nuestro sitio web.<\/p><h3>Uso de informaci\u00f3n personal<\/h3><p>La informaci\u00f3n personal que recopilamos a trav\u00e9s de nuestro sitio web se utiliza \u00fanicamente para responder a sus consultas y comentarios a trav\u00e9s del formulario de contacto. Tambi\u00e9n podemos usar su informaci\u00f3n para enviarle actualizaciones o noticias relacionadas con nuestros productos o servicios si usted lo ha consentido expl\u00edcitamente.<\/p><p>Adem\u00e1s, es importante se\u00f1alar que para realizar compras online es necesario compartir cierta informaci\u00f3n con las empresas distribuidoras y transportistas. En este caso, el distribuidor responsable de almacenar, recibir \u00f3rdenes de compra y realizar env\u00edos es Lufapak GmbH, ubicado en Carl-Borgward-Stra\u00dfe 20, D-56566 Neuwied, Alemania. Al realizar una compra, acepta que ciertos datos personales necesarios para el proceso de entrega, como su nombre, direcci\u00f3n y n\u00famero de tel\u00e9fono, se compartir\u00e1n con Lufapak GmbH y las empresas de transporte para facilitar la entrega de los productos adquiridos.<\/p><h4>Recuperaci\u00f3n del carrito<\/h4><div>Su correo electr\u00f3nico y carrito se guardan para que podamos enviarle recordatorios por correo electr\u00f3nico sobre los pedidos.<\/div><div>\u00a0<\/div><h4>Inicio de sesi\u00f3n social<\/h4><p>Nuestro sitio web ofrece la opci\u00f3n de iniciar sesi\u00f3n utilizando cuentas de redes sociales de proveedores como Facebook y Google. Al elegir este m\u00e9todo de autenticaci\u00f3n, nos otorga permiso para acceder y usar cierta informaci\u00f3n de su perfil de redes sociales, como se especifica en los t\u00e9rminos de servicio y la pol\u00edtica de privacidad de la red social respectiva.<\/p><h4>Qu\u00e9 informaci\u00f3n se recopila a trav\u00e9s del inicio de sesi\u00f3n social<\/h4><p>Cuando utiliza el inicio de sesi\u00f3n social para iniciar sesi\u00f3n en nuestro sitio web, podemos recopilar y almacenar la siguiente informaci\u00f3n de su perfil de redes sociales:<br \/>- Su nombre<br \/>- Su direcci\u00f3n de correo electr\u00f3nico<br \/>\u2013 Foto de perfil (avatar)<br \/>\u2013 Cualquier otra informaci\u00f3n que haya elegido hacer p\u00fablica en su perfil de redes sociales.<\/p><h4>C\u00f3mo usamos la informaci\u00f3n de inicio de sesi\u00f3n social<\/h4><p>La informaci\u00f3n recopilada durante el inicio de sesi\u00f3n social se utiliza \u00fanicamente con el fin de autenticar al usuario y administrar la cuenta en nuestro sitio web. No publicamos en sus cuentas de redes sociales sin su consentimiento expl\u00edcito, y no compartimos esta informaci\u00f3n con terceros a menos que lo exija la ley.<\/p><h4>Seguridad de datos<\/h4><p>Nos tomamos muy en serio la seguridad de los datos y hemos implementado medidas para proteger la informaci\u00f3n recopilada durante el inicio de sesi\u00f3n social. Sin embargo, tenga en cuenta que no se puede garantizar la seguridad de la informaci\u00f3n transmitida a trav\u00e9s de Internet y almacenada en bases de datos.<\/p><h4>Hotjar para la experiencia del usuario y la recopilaci\u00f3n de datos<\/h4><p>Utilizamos Hotjar para comprender mejor las necesidades de nuestros usuarios y optimizar este servicio y experiencia. Hotjar es un servicio tecnol\u00f3gico que nos ayuda a comprender mejor la experiencia de nuestros usuarios (por ejemplo, cu\u00e1nto tiempo pasan en qu\u00e9 p\u00e1ginas, en qu\u00e9 enlaces eligen hacer clic, qu\u00e9 les gusta y qu\u00e9 no les gusta a los usuarios, etc.) y esto nos permite construir y mantener nuestro servicio con los comentarios de los usuarios. Hotjar utiliza cookies y otras tecnolog\u00edas para recopilar datos sobre el comportamiento de nuestros usuarios y sus dispositivos. Esto incluye la direcci\u00f3n IP de un dispositivo (procesada durante su sesi\u00f3n y almacenada en un formato an\u00f3nimo), tama\u00f1o de pantalla del dispositivo, tipo de dispositivo (identificadores \u00fanicos de dispositivo), informaci\u00f3n del navegador, ubicaci\u00f3n geogr\u00e1fica (solo pa\u00eds) y el idioma preferido utilizado para mostrar nuestra p\u00e1gina web. Hotjar almacena esta informaci\u00f3n en nuestro nombre en un perfil de usuario seudonimizado. Hotjar tiene prohibido contractualmente vender cualquiera de los datos recopilados en nuestro nombre.<\/p><p><em>Para obtener m\u00e1s detalles, consulte la secci\u00f3n &#039;acerca de Hotjar&#039; de\u00a0<a href=\"https:\/\/help.hotjar.com\/hc\/en-us\/categories\/115001323967-About-Hotjar\" target=\"_blank\" rel=\"nofollow noopener\">Sitio de soporte de Hotjar<\/a>.&quot;\u201d<\/em><\/p><h4>Revocaci\u00f3n del acceso de inicio de sesi\u00f3n social<\/h4><p>Si desea revocar el acceso que tenemos a su perfil de redes sociales o desconectar su cuenta de redes sociales de nuestro sitio web, puede hacerlo visitando la configuraci\u00f3n de su cuenta en la red social respectiva.<\/p><h3>Galletas<\/h3><p>Utilizamos cookies en nuestro sitio web para mejorar la experiencia del usuario. Puede encontrar informaci\u00f3n detallada sobre las cookies que usamos y c\u00f3mo las usamos en nuestra Pol\u00edtica de cookies de la UE disponible en <a href=\"https:\/\/www.qvantumhealth.com\/es\/cookie-policy-eu\/\">https:\/\/www.qvantumhealth.com\/es\/cookie-policy-eu<\/a>.<\/p><h3>Protecci\u00f3n de Informaci\u00f3n Personal<\/h3><p>Tomamos medidas de seguridad razonables para proteger la informaci\u00f3n personal que recopilamos a trav\u00e9s de nuestro sitio web. Esto incluye el uso de encriptaci\u00f3n SSL para salvaguardar la transmisi\u00f3n de informaci\u00f3n.<\/p><h3>Acceso y Control de Informaci\u00f3n Personal<\/h3><p>No ofrecemos la opci\u00f3n de crear cuentas de usuario en nuestro sitio web. Como tal, no existe la posibilidad de acceder, actualizar o eliminar la informaci\u00f3n personal que recopilamos. Si desea actualizar o eliminar sus datos, puede contactarnos a trav\u00e9s de nuestro formulario de contacto en out <a href=\"https:\/\/www.qvantumhealth.com\/es\/contact\/\">pagina de contacto<\/a> o ll\u00e1manos al <a href=\"\/es\/tel\u00e9fono:+34600586686\/\">+34 600 586 686<\/a>.<\/p><h3>Cambios en la Pol\u00edtica de Privacidad<\/h3><p>Nos reservamos el derecho de cambiar esta Pol\u00edtica de Privacidad en cualquier momento. En caso de cambios significativos en la pol\u00edtica, publicaremos una notificaci\u00f3n en nuestro sitio web.<\/p><p>Si tiene alguna pregunta o comentario con respecto a nuestra Pol\u00edtica de privacidad, no dude en comunicarse con nosotros a trav\u00e9s de nuestro formulario de contacto en nuestro <a href=\"https:\/\/www.qvantumhealth.com\/es\/contact\/\">pagina de contacto<\/a> o ll\u00e1manos al <a href=\"\/es\/tel\u00e9fono:+34600586686\/\">+34 600 586 686<\/a>.<\/p><p>\u00daltima actualizaci\u00f3n 25\/09\/2023<\/p>\t\t\t\t\t\t\t\t<\/div>\n\t\t\t\t<\/div>\n\t\t\t\t\t<\/div>\n\t\t<\/div>\n\t\t\t\t\t<\/div>\n\t\t<\/section>\n\t\t\t\t<\/div>","protected":false},"excerpt":{"rendered":"<p>Pol\u00edtica de Privacidad de Qvantum Health. En Qvantum Health, nos tomamos muy en serio la privacidad de nuestros usuarios. Esta Pol\u00edtica de Privacidad describe c\u00f3mo Qvantum Health, SL (en adelante, \u201cQvantum Health\u201d o \u201cnosotros\u201d) recopila, utiliza y protege la informaci\u00f3n personal que recopilamos a trav\u00e9s de nuestro sitio web https:\/\/www.qvantumhealth.com\/. Recopilaci\u00f3n de Informaci\u00f3n Personal. Qvantum Health recopila informaci\u00f3n personal\u2026<\/p>","protected":false},"author":1,"featured_media":0,"parent":0,"menu_order":920,"comment_status":"closed","ping_status":"closed","template":"","meta":{"inline_featured_image":false,"footnotes":""},"class_list":["post-2383","page","type-page","status-publish","hentry"],"_links":{"self":[{"href":"https:\/\/www.qvantumhealth.com\/es\/wp-json\/wp\/v2\/pages\/2383","targetHints":{"allow":["GET"]}}],"collection":[{"href":"https:\/\/www.qvantumhealth.com\/es\/wp-json\/wp\/v2\/pages"}],"about":[{"href":"https:\/\/www.qvantumhealth.com\/es\/wp-json\/wp\/v2\/types\/page"}],"author":[{"embeddable":true,"href":"https:\/\/www.qvantumhealth.com\/es\/wp-json\/wp\/v2\/users\/1"}],"replies":[{"embeddable":true,"href":"https:\/\/www.qvantumhealth.com\/es\/wp-json\/wp\/v2\/comments?post=2383"}],"version-history":[{"count":21,"href":"https:\/\/www.qvantumhealth.com\/es\/wp-json\/wp\/v2\/pages\/2383\/revisions"}],"predecessor-version":[{"id":10239,"href":"https:\/\/www.qvantumhealth.com\/es\/wp-json\/wp\/v2\/pages\/2383\/revisions\/10239"}],"wp:attachment":[{"href":"https:\/\/www.qvantumhealth.com\/es\/wp-json\/wp\/v2\/media?parent=2383"}],"curies":[{"name":"wp","href":"https:\/\/api.w.org\/{rel}","templated":true}]}}